{"id":39,"date":"2023-01-09T14:48:23","date_gmt":"2023-01-09T14:48:23","guid":{"rendered":"http:\/\/serotoninzero.com\/?post_type=product&#038;p=39"},"modified":"2024-08-08T15:09:00","modified_gmt":"2024-08-08T15:09:00","slug":"cd-s-t","status":"publish","type":"product","link":"https:\/\/serotoninzero.com\/index.php\/produkt\/cd-s-t\/","title":{"rendered":"CD &#8211; Serotonin Zero s\/t"},"content":{"rendered":"<p>Wydany w 2021 s\/t mini album, zawieraj\u0105cy 8 kawa\u0142k\u00f3w. Nak\u0142ad limitowany 100 sztuk.<\/p>\n","protected":false},"excerpt":{"rendered":"<p>Serotonin Zero &#8211; s\/t CD<\/p>\n","protected":false},"featured_media":40,"template":"","meta":[],"product_brand":[],"product_cat":[15],"product_tag":[],"class_list":{"0":"post-39","1":"product","2":"type-product","3":"status-publish","4":"has-post-thumbnail","6":"product_cat-cd","7":"image-hover-transition-effect","9":"first","10":"outofstock","11":"shipping-taxable","12":"purchasable","13":"product-type-simple"},"jetpack_sharing_enabled":true,"_links":{"self":[{"href":"https:\/\/serotoninzero.com\/index.php\/wp-json\/wp\/v2\/product\/39","targetHints":{"allow":["GET"]}}],"collection":[{"href":"https:\/\/serotoninzero.com\/index.php\/wp-json\/wp\/v2\/product"}],"about":[{"href":"https:\/\/serotoninzero.com\/index.php\/wp-json\/wp\/v2\/types\/product"}],"wp:featuredmedia":[{"embeddable":true,"href":"https:\/\/serotoninzero.com\/index.php\/wp-json\/wp\/v2\/media\/40"}],"wp:attachment":[{"href":"https:\/\/serotoninzero.com\/index.php\/wp-json\/wp\/v2\/media?parent=39"}],"wp:term":[{"taxonomy":"product_brand","embeddable":true,"href":"https:\/\/serotoninzero.com\/index.php\/wp-json\/wp\/v2\/product_brand?post=39"},{"taxonomy":"product_cat","embeddable":true,"href":"https:\/\/serotoninzero.com\/index.php\/wp-json\/wp\/v2\/product_cat?post=39"},{"taxonomy":"product_tag","embeddable":true,"href":"https:\/\/serotoninzero.com\/index.php\/wp-json\/wp\/v2\/product_tag?post=39"}],"curies":[{"name":"wp","href":"https:\/\/api.w.org\/{rel}","templated":true}]}}