{"id":356,"date":"2025-01-18T20:55:35","date_gmt":"2025-01-18T20:55:35","guid":{"rendered":"https:\/\/serotoninzero.com\/?post_type=product&#038;p=356"},"modified":"2025-04-13T22:58:08","modified_gmt":"2025-04-13T22:58:08","slug":"bilet-na-koncert-lifesicktchertserotonin-zero","status":"publish","type":"product","link":"https:\/\/serotoninzero.com\/index.php\/produkt\/bilet-na-koncert-lifesicktchertserotonin-zero\/","title":{"rendered":"Bilet na koncert LIFESICK+TCHERT+SEROTONIN ZERO"},"content":{"rendered":"<div class=\"xdj266r x11i5rnm xat24cr x1mh8g0r x1vvkbs\"><strong>14.04.2025 &#8211; klub Chmury &#8211; Warszawa<\/strong><\/div>\n<div class=\"xdj266r x11i5rnm xat24cr x1mh8g0r x1vvkbs\"><\/div>\n<div class=\"xdj266r x11i5rnm xat24cr x1mh8g0r x1vvkbs\"><span class=\"html-span xexx8yu x4uap5 x18d9i69 xkhd6sd x1hl2dhg x16tdsg8 x1vvkbs x3nfvp2 x1j61x8r x1fcty0u xdj266r xat24cr xgzva0m xhhsvwb xxymvpz xlup9mm x1kky2od\"><img loading=\"lazy\" decoding=\"async\" class=\"xz74otr\" src=\"https:\/\/static.xx.fbcdn.net\/images\/emoji.php\/v9\/tef\/2\/16\/1f525.png\" alt=\"\ud83d\udd25\" width=\"16\" height=\"16\" \/><\/span>\u00a0**LifeSick \u2013 Hardcore\/DeathMetal &#8211; Dania**<\/div>\n<div class=\"x11i5rnm xat24cr x1mh8g0r x1vvkbs xtlvy1s\">LifeSick to hardcore\u2019owy zesp\u00f3\u0142 ze stojni Metal Blade Records, pochodz\u0105cy z Fredericii w Danii . Ich muzyka \u0142\u0105czy agresywn\u0105 energi\u0119 z ci\u0119\u017ckimi, metalowymi brzmieniami. Najnowszy album *Loved By None, Hated By All* to po\u0142\u0105czenie intensywnego brzmienia i szczerych tekst\u00f3w opartych na osobistych do\u015bwiadczeniach.<\/div>\n<div class=\"x11i5rnm xat24cr x1mh8g0r x1vvkbs xtlvy1s\">Musicvideo:\u00a0<a class=\"x1i10hfl xjbqb8w x1ejq31n xd10rxx x1sy0etr x17r0tee x972fbf xcfux6l x1qhh985 xm0m39n x9f619 x1ypdohk xt0psk2 xe8uvvx xdj266r x11i5rnm xat24cr x1mh8g0r xexx8yu x4uap5 x18d9i69 xkhd6sd x16tdsg8 x1hl2dhg xggy1nq x1a2a7pz x1sur9pj xkrqix3 x1fey0fg x1s688f\" tabindex=\"0\" role=\"link\" href=\"https:\/\/www.youtube.com\/watch?v=yyA9RyyClgk&amp;fbclid=IwZXh0bgNhZW0CMTAAAR1aSNQxzy0Hs_BaSeA300othQbAUzECvjXx9AcpsnHk4RrcGU-c23-_zjg_aem_lg9RkyXdt1AxbDZvkabqAA\" target=\"_blank\" rel=\"nofollow noopener noreferrer\">https:\/\/www.youtube.com\/watch?v=yyA9RyyClgk<\/a><br class=\"html-br\" \/>Live at Copenhell:\u00a0<a class=\"x1i10hfl xjbqb8w x1ejq31n xd10rxx x1sy0etr x17r0tee x972fbf xcfux6l x1qhh985 xm0m39n x9f619 x1ypdohk xt0psk2 xe8uvvx xdj266r x11i5rnm xat24cr x1mh8g0r xexx8yu x4uap5 x18d9i69 xkhd6sd x16tdsg8 x1hl2dhg xggy1nq x1a2a7pz x1sur9pj xkrqix3 x1fey0fg x1s688f\" tabindex=\"0\" role=\"link\" href=\"https:\/\/l.facebook.com\/l.php?u=https%3A%2F%2Fwww.youtube.com%2Fwatch%3Fv%3DknZgHlvYnu0%26fbclid%3DIwZXh0bgNhZW0CMTAAAR19auvrvhusYbmlubbwEq_ApcAqq4FV1wdXA4rJ7UsRpQOu8i9Pih6c6kA_aem_JMkXqfIWiaOocnW4zbrs-w&amp;h=AT2XEvb0FGiJzS_fVKkXDX1KOTR1Bhad08WghmxM0fo_u-uD8brSiofmq_v-y3PEnoZKc8hhOt7kI449xvQycFX7EyNwMv9sVfqzDORarIl05qREkBb6SNFl0wrP7-b901eF-YpbXBfiizJitxpbCqKxyA&amp;__tn__=q&amp;c[0]=AT1I6GSSmde_bJWp5DzIEf8snCMFfKsJD6flwTnt30m8sT0QZpDrfOBep4k5wMZ-1nckNUn-VfAv3VOLsdfO5vMVwtJ5EeWkGTs3OMJnZCIKzbowst1W2J92Ei6zu0kzSz7HZVt1pM1hnJod-jq1DUkLMuN1MbJFRHlMiA\" target=\"_blank\" rel=\"nofollow noopener noreferrer\">https:\/\/www.youtube.com\/watch?v=knZgHlvYnu0<\/a><br class=\"html-br\" \/>Facebook:\u00a0<a class=\"x1i10hfl xjbqb8w x1ejq31n xd10rxx x1sy0etr x17r0tee x972fbf xcfux6l x1qhh985 xm0m39n x9f619 x1ypdohk xt0psk2 xe8uvvx xdj266r x11i5rnm xat24cr x1mh8g0r xexx8yu x4uap5 x18d9i69 xkhd6sd x16tdsg8 x1hl2dhg xggy1nq x1a2a7pz x1sur9pj xkrqix3 xzsf02u x1s688f\" tabindex=\"0\" role=\"link\" href=\"https:\/\/www.facebook.com\/lifesick?__cft__[0]=AZV1LEzdNEApJ0SmQzLjhL-IpYOLC9mKKThFy9a7meY1IQyYY_0fTyC54RrAguQkVNhMdF1BStHYu1hQ8R-yY65ohyf2QySyaycbhY7ckXVvHFJcJQWLA1DKaGjxSW-kXiOUjx3Vrhdvs7Rf07Cni1o8&amp;__tn__=q\"><span class=\"xt0psk2\">https:\/\/www.facebook.com\/lifesick<\/span><\/a><br class=\"html-br\" \/>Instagram:\u00a0<a class=\"x1i10hfl xjbqb8w x1ejq31n xd10rxx x1sy0etr x17r0tee x972fbf xcfux6l x1qhh985 xm0m39n x9f619 x1ypdohk xt0psk2 xe8uvvx xdj266r x11i5rnm xat24cr x1mh8g0r xexx8yu x4uap5 x18d9i69 xkhd6sd x16tdsg8 x1hl2dhg xggy1nq x1a2a7pz x1sur9pj xkrqix3 x1fey0fg x1s688f\" tabindex=\"0\" role=\"link\" href=\"https:\/\/l.facebook.com\/l.php?u=https%3A%2F%2Fwww.instagram.com%2Flifesickhc%2F%3Ffbclid%3DIwZXh0bgNhZW0CMTAAAR1aSNQxzy0Hs_BaSeA300othQbAUzECvjXx9AcpsnHk4RrcGU-c23-_zjg_aem_lg9RkyXdt1AxbDZvkabqAA&amp;h=AT16XjwPz5Omh_eQQITzRA1nGe0yc1YRiGNTxKDqIoerUPDJOf06GJWRAcEQ4kP-9Y-JdgKWEHn0rsK8YScr1dLyLkY3EmzVn61UGHfIKz54YYfkWnOsniLdv2QRl6vwiu16judAxOnwdW_CvgzaVrHKAA&amp;__tn__=q&amp;c[0]=AT1I6GSSmde_bJWp5DzIEf8snCMFfKsJD6flwTnt30m8sT0QZpDrfOBep4k5wMZ-1nckNUn-VfAv3VOLsdfO5vMVwtJ5EeWkGTs3OMJnZCIKzbowst1W2J92Ei6zu0kzSz7HZVt1pM1hnJod-jq1DUkLMuN1MbJFRHlMiA\" target=\"_blank\" rel=\"nofollow noopener noreferrer\">https:\/\/www.instagram.com\/lifesickhc\/<\/a><\/div>\n<div class=\"x11i5rnm xat24cr x1mh8g0r x1vvkbs xtlvy1s\"><span class=\"html-span xexx8yu x4uap5 x18d9i69 xkhd6sd x1hl2dhg x16tdsg8 x1vvkbs x3nfvp2 x1j61x8r x1fcty0u xdj266r xat24cr xgzva0m xhhsvwb xxymvpz xlup9mm x1kky2od\"><img loading=\"lazy\" decoding=\"async\" class=\"xz74otr\" src=\"https:\/\/static.xx.fbcdn.net\/images\/emoji.php\/v9\/tef\/2\/16\/1f525.png\" alt=\"\ud83d\udd25\" width=\"16\" height=\"16\" \/><\/span>\u00a0**Tchert \u2013 Hardcore\/Metal &#8211; Czechy**<\/div>\n<div class=\"x11i5rnm xat24cr x1mh8g0r x1vvkbs xtlvy1s\">Tchert to zesp\u00f3\u0142 metalowy wydaj\u0105cy swoj\u0105 muzyk\u0119 pod szyldem Ankn Records. Ich brzmienie to mroczne po\u0142\u0105czenie ci\u0119\u017ckich riff\u00f3w i intensywnej atmosfery, kt\u00f3re przyci\u0105ga fan\u00f3w ekstremalnych d\u017awi\u0119k\u00f3w.<\/div>\n<div class=\"x11i5rnm xat24cr x1mh8g0r x1vvkbs xtlvy1s\">Musicvideo:\u00a0<a class=\"x1i10hfl xjbqb8w x1ejq31n xd10rxx x1sy0etr x17r0tee x972fbf xcfux6l x1qhh985 xm0m39n x9f619 x1ypdohk xt0psk2 xe8uvvx xdj266r x11i5rnm xat24cr x1mh8g0r xexx8yu x4uap5 x18d9i69 xkhd6sd x16tdsg8 x1hl2dhg xggy1nq x1a2a7pz x1sur9pj xkrqix3 x1fey0fg x1s688f\" tabindex=\"0\" role=\"link\" href=\"https:\/\/l.facebook.com\/l.php?u=https%3A%2F%2Fwww.youtube.com%2Fwatch%3Fv%3DjGp2CIgizRs%26fbclid%3DIwZXh0bgNhZW0CMTAAAR3D3_XtP5Wuv_Oi_R8O8E9btDl1uJV1LQjk7XH1Jc-lz4OAaoxsLMIeEkA_aem_KhF_HPvV96flOaGwdngl_A&amp;h=AT04yeViaSRbQQRwys_9yarL8kE1jn3goVC6FGtg9QeCcbL6lnHsmJB8ECBOzmJq_yIgjiz20thAgzdaPrSo_XDqRye9It1R2Be_UK4X_tDeRFGd2TtTP2nIrW7mzuJv3_KeysgI9YVS5TzTwFYZpWIWQg&amp;__tn__=q&amp;c[0]=AT1I6GSSmde_bJWp5DzIEf8snCMFfKsJD6flwTnt30m8sT0QZpDrfOBep4k5wMZ-1nckNUn-VfAv3VOLsdfO5vMVwtJ5EeWkGTs3OMJnZCIKzbowst1W2J92Ei6zu0kzSz7HZVt1pM1hnJod-jq1DUkLMuN1MbJFRHlMiA\" target=\"_blank\" rel=\"nofollow noopener noreferrer\">https:\/\/www.youtube.com\/watch?v=jGp2CIgizRs<\/a><br class=\"html-br\" \/>Facebook:\u00a0<a class=\"x1i10hfl xjbqb8w x1ejq31n xd10rxx x1sy0etr x17r0tee x972fbf xcfux6l x1qhh985 xm0m39n x9f619 x1ypdohk xt0psk2 xe8uvvx xdj266r x11i5rnm xat24cr x1mh8g0r xexx8yu x4uap5 x18d9i69 xkhd6sd x16tdsg8 x1hl2dhg xggy1nq x1a2a7pz x1sur9pj xkrqix3 xzsf02u x1s688f\" tabindex=\"0\" role=\"link\" href=\"https:\/\/www.facebook.com\/tchertfromhell?__cft__[0]=AZV1LEzdNEApJ0SmQzLjhL-IpYOLC9mKKThFy9a7meY1IQyYY_0fTyC54RrAguQkVNhMdF1BStHYu1hQ8R-yY65ohyf2QySyaycbhY7ckXVvHFJcJQWLA1DKaGjxSW-kXiOUjx3Vrhdvs7Rf07Cni1o8&amp;__tn__=q\"><span class=\"xt0psk2\">https:\/\/www.facebook.com\/tchertfromhell<\/span><\/a><br class=\"html-br\" \/>Instagram:\u00a0<a class=\"x1i10hfl xjbqb8w x1ejq31n xd10rxx x1sy0etr x17r0tee x972fbf xcfux6l x1qhh985 xm0m39n x9f619 x1ypdohk xt0psk2 xe8uvvx xdj266r x11i5rnm xat24cr x1mh8g0r xexx8yu x4uap5 x18d9i69 xkhd6sd x16tdsg8 x1hl2dhg xggy1nq x1a2a7pz x1sur9pj xkrqix3 x1fey0fg x1s688f\" tabindex=\"0\" role=\"link\" href=\"https:\/\/l.facebook.com\/l.php?u=https%3A%2F%2Fwww.instagram.com%2Ftchertfromhell%2F%3Figsh%3DbGtwZHhlYjJjMzdn%26fbclid%3DIwZXh0bgNhZW0CMTAAAR19auvrvhusYbmlubbwEq_ApcAqq4FV1wdXA4rJ7UsRpQOu8i9Pih6c6kA_aem_JMkXqfIWiaOocnW4zbrs-w&amp;h=AT1tuEiRKwdI5LD2hQFEujxJ0JJ81s-5LBXTrPvGaMmsJYC1TgM3etFBSLpPES0vd01XwwS3tiNb4nYz6Ge-rNrqWtB1WAvERXjzx9s_fZujz76AB52vpw7ZOHS3ADwGe5FhSKzI1r7ezs3nADnNGujeMQ&amp;__tn__=q&amp;c[0]=AT1I6GSSmde_bJWp5DzIEf8snCMFfKsJD6flwTnt30m8sT0QZpDrfOBep4k5wMZ-1nckNUn-VfAv3VOLsdfO5vMVwtJ5EeWkGTs3OMJnZCIKzbowst1W2J92Ei6zu0kzSz7HZVt1pM1hnJod-jq1DUkLMuN1MbJFRHlMiA\" target=\"_blank\" rel=\"nofollow noopener noreferrer\">https:\/\/www.instagram.com\/tchertfromhell\/&#8230;<\/a><\/div>\n<div class=\"x11i5rnm xat24cr x1mh8g0r x1vvkbs xtlvy1s\"><span class=\"html-span xexx8yu x4uap5 x18d9i69 xkhd6sd x1hl2dhg x16tdsg8 x1vvkbs x3nfvp2 x1j61x8r x1fcty0u xdj266r xat24cr xgzva0m xhhsvwb xxymvpz xlup9mm x1kky2od\"><img loading=\"lazy\" decoding=\"async\" class=\"xz74otr\" src=\"https:\/\/static.xx.fbcdn.net\/images\/emoji.php\/v9\/tef\/2\/16\/1f525.png\" alt=\"\ud83d\udd25\" width=\"16\" height=\"16\" \/><\/span>\u00a0**Serotonin Zero \u2013 DarkHardcore\/Metal &#8211; W-wa**<\/div>\n<div class=\"x11i5rnm xat24cr x1mh8g0r x1vvkbs xtlvy1s\">Serotonin Zero to zesp\u00f3\u0142 hardcore\/metal, kt\u00f3ry \u0142\u0105czy intensywn\u0105 energi\u0119 z surowymi, emocjonalnymi brzmieniami. Ich muzyka to gniewne i szczere wyra\u017cenie wsp\u00f3\u0142czesnych frustracji i wewn\u0119trznych zmaga\u0144. Sprawd\u017a ich najnowsze wydawnictwa i do\u015bwiadcz tego na w\u0142asnej sk\u00f3rze!<\/div>\n<div class=\"x11i5rnm xat24cr x1mh8g0r x1vvkbs xtlvy1s\">Musicvideo:\u00a0<a class=\"x1i10hfl xjbqb8w x1ejq31n xd10rxx x1sy0etr x17r0tee x972fbf xcfux6l x1qhh985 xm0m39n x9f619 x1ypdohk xt0psk2 xe8uvvx xdj266r x11i5rnm xat24cr x1mh8g0r xexx8yu x4uap5 x18d9i69 xkhd6sd x16tdsg8 x1hl2dhg xggy1nq x1a2a7pz x1sur9pj xkrqix3 x1fey0fg x1s688f\" tabindex=\"0\" role=\"link\" href=\"https:\/\/www.youtube.com\/watch?v=8oBXUvwApDY&amp;fbclid=IwZXh0bgNhZW0CMTAAAR2cOZiVUvfEnVR7vc8mcwqCAyatIX9CJXn3_0FY2la5f13kGx4fjcOk-lE_aem_9OLakR3QqwABPJb1ykCAqA\" target=\"_blank\" rel=\"nofollow noopener noreferrer\">https:\/\/www.youtube.com\/watch?v=8oBXUvwApDY<\/a><br class=\"html-br\" \/>Facebook:\u00a0<a class=\"x1i10hfl xjbqb8w x1ejq31n xd10rxx x1sy0etr x17r0tee x972fbf xcfux6l x1qhh985 xm0m39n x9f619 x1ypdohk xt0psk2 xe8uvvx xdj266r x11i5rnm xat24cr x1mh8g0r xexx8yu x4uap5 x18d9i69 xkhd6sd x16tdsg8 x1hl2dhg xggy1nq x1a2a7pz x1sur9pj xkrqix3 xzsf02u x1s688f\" tabindex=\"0\" role=\"link\" href=\"https:\/\/www.facebook.com\/serotoninzero?__cft__[0]=AZV1LEzdNEApJ0SmQzLjhL-IpYOLC9mKKThFy9a7meY1IQyYY_0fTyC54RrAguQkVNhMdF1BStHYu1hQ8R-yY65ohyf2QySyaycbhY7ckXVvHFJcJQWLA1DKaGjxSW-kXiOUjx3Vrhdvs7Rf07Cni1o8&amp;__tn__=q\"><span class=\"xt0psk2\">https:\/\/www.facebook.com\/serotoninzero\/<\/span><\/a><br class=\"html-br\" \/>Instagram:\u00a0<a class=\"x1i10hfl xjbqb8w x1ejq31n xd10rxx x1sy0etr x17r0tee x972fbf xcfux6l x1qhh985 xm0m39n x9f619 x1ypdohk xt0psk2 xe8uvvx xdj266r x11i5rnm xat24cr x1mh8g0r xexx8yu x4uap5 x18d9i69 xkhd6sd x16tdsg8 x1hl2dhg xggy1nq x1a2a7pz x1sur9pj xkrqix3 x1fey0fg x1s688f\" tabindex=\"0\" role=\"link\" href=\"https:\/\/l.facebook.com\/l.php?u=https%3A%2F%2Fwww.instagram.com%2Fserotoninzeroband%2F%3Ffbclid%3DIwZXh0bgNhZW0CMTAAAR1-QcXZn1VL_qk4szIpClqwstCmIkAfxHVYKHYkIrmCTGWSaDcjboYgY6Q_aem_rOhy8FRXSQxT0S2_o1acdw&amp;h=AT0ziNxcmSERBf7LqqVr4HJp3vYssMx8saBw_ZWkj3SAr6Owu3nG3tQrRyOiy5XuHFk9ebte6Wt3P7A1FNwjbTWzGSKacABFTfw1F2YhowtzDzKTvZfKM_ppv4Owei5oDFR17WJOdY9pfpNQG0tWEq0WDg&amp;__tn__=q&amp;c[0]=AT1I6GSSmde_bJWp5DzIEf8snCMFfKsJD6flwTnt30m8sT0QZpDrfOBep4k5wMZ-1nckNUn-VfAv3VOLsdfO5vMVwtJ5EeWkGTs3OMJnZCIKzbowst1W2J92Ei6zu0kzSz7HZVt1pM1hnJod-jq1DUkLMuN1MbJFRHlMiA\" target=\"_blank\" rel=\"nofollow noopener noreferrer\">https:\/\/www.instagram.com\/serotoninzeroband\/<\/a><br class=\"html-br\" \/>Bandcamp:\u00a0<a class=\"x1i10hfl xjbqb8w x1ejq31n xd10rxx x1sy0etr x17r0tee x972fbf xcfux6l x1qhh985 xm0m39n x9f619 x1ypdohk xt0psk2 xe8uvvx xdj266r x11i5rnm xat24cr x1mh8g0r xexx8yu x4uap5 x18d9i69 xkhd6sd x16tdsg8 x1hl2dhg xggy1nq x1a2a7pz x1sur9pj xkrqix3 x1fey0fg x1s688f\" tabindex=\"0\" role=\"link\" href=\"https:\/\/l.facebook.com\/l.php?u=https%3A%2F%2Fserotoninzero.bandcamp.com%2Falbum%2Fbroken-worlds%3Ffbclid%3DIwZXh0bgNhZW0CMTAAAR0yji1ZbaY9k-4dKkm7QMJPWlSuEMvLgFGCFqlSunEb1rLisdBYA77Lxks_aem_1UDS6A5yeye2SwexR8sZtg&amp;h=AT1788uUNbXJmiOFmYoP0MznpAp8YfunJwKa3viVfa60IViaSPP0rNAp6W6Umwh66XgUMsNmw9K6XHrHt3GYbT0tr4yhSnpuz7sf1IrdjEOyXGz3PxX7HLGSK4_Miw0LtegoY7cl4_TemzfUwBn14ukWAA&amp;__tn__=q&amp;c[0]=AT1I6GSSmde_bJWp5DzIEf8snCMFfKsJD6flwTnt30m8sT0QZpDrfOBep4k5wMZ-1nckNUn-VfAv3VOLsdfO5vMVwtJ5EeWkGTs3OMJnZCIKzbowst1W2J92Ei6zu0kzSz7HZVt1pM1hnJod-jq1DUkLMuN1MbJFRHlMiA\" target=\"_blank\" rel=\"nofollow noopener noreferrer\">https:\/\/serotoninzero.bandcamp.com\/album\/broken-worlds<\/a><\/div>\n<div class=\"x11i5rnm xat24cr x1mh8g0r x1vvkbs xtlvy1s\"><\/div>\n<div class=\"x11i5rnm xat24cr x1mh8g0r x1vvkbs xtlvy1s\">Drzwi: 19:00<\/div>\n","protected":false},"excerpt":{"rendered":"<p>Bilet na koncert LIFESICK+TCHERT+SEROTONIN ZERO<\/p>\n<p><strong>14.04.2025 &#8211; klub Chmury &#8211; Warszawa<\/strong><\/p>\n<blockquote><p><strong>Po zakupie otrzymasz potwierdzenie na e-mail. W dniu koncertu poka\u017c je przy wej\u015bciu.<\/strong><\/p><\/blockquote>\n","protected":false},"featured_media":357,"template":"","meta":[],"product_brand":[],"product_cat":[39],"product_tag":[41,40],"class_list":{"0":"post-356","1":"product","2":"type-product","3":"status-publish","4":"has-post-thumbnail","6":"product_cat-ticket","7":"product_tag-bilet","8":"product_tag-ticket","9":"image-hover-transition-effect","11":"first","12":"outofstock","13":"virtual","14":"purchasable","15":"product-type-simple"},"jetpack_sharing_enabled":true,"_links":{"self":[{"href":"https:\/\/serotoninzero.com\/index.php\/wp-json\/wp\/v2\/product\/356","targetHints":{"allow":["GET"]}}],"collection":[{"href":"https:\/\/serotoninzero.com\/index.php\/wp-json\/wp\/v2\/product"}],"about":[{"href":"https:\/\/serotoninzero.com\/index.php\/wp-json\/wp\/v2\/types\/product"}],"wp:featuredmedia":[{"embeddable":true,"href":"https:\/\/serotoninzero.com\/index.php\/wp-json\/wp\/v2\/media\/357"}],"wp:attachment":[{"href":"https:\/\/serotoninzero.com\/index.php\/wp-json\/wp\/v2\/media?parent=356"}],"wp:term":[{"taxonomy":"product_brand","embeddable":true,"href":"https:\/\/serotoninzero.com\/index.php\/wp-json\/wp\/v2\/product_brand?post=356"},{"taxonomy":"product_cat","embeddable":true,"href":"https:\/\/serotoninzero.com\/index.php\/wp-json\/wp\/v2\/product_cat?post=356"},{"taxonomy":"product_tag","embeddable":true,"href":"https:\/\/serotoninzero.com\/index.php\/wp-json\/wp\/v2\/product_tag?post=356"}],"curies":[{"name":"wp","href":"https:\/\/api.w.org\/{rel}","templated":true}]}}